{"id":4002,"date":"2021-10-25T22:24:14","date_gmt":"2021-10-25T20:24:14","guid":{"rendered":"https:\/\/galletto.pl\/homepage\/"},"modified":"2021-11-04T12:56:49","modified_gmt":"2021-11-04T11:56:49","slug":"homepage","status":"publish","type":"page","link":"https:\/\/galletto.pl\/en\/","title":{"rendered":"HOMEPAGE"},"content":{"rendered":"\t\t<div data-elementor-type=\"wp-page\" data-elementor-id=\"4002\" class=\"elementor elementor-4002\" data-elementor-settings=\"[]\">\n\t\t\t\t\t\t\t<div class=\"elementor-section-wrap\">\n\t\t\t\t\t\t\t<section class=\"elementor-section elementor-top-section elementor-element elementor-element-d57b931 elementor-section-full_width elementor-section-height-min-height elementor-section-items-stretch elementor-section-height-default elementor-invisible\" data-id=\"d57b931\" data-element_type=\"section\" data-settings=\"{&quot;background_background&quot;:&quot;slideshow&quot;,&quot;background_slideshow_gallery&quot;:[{&quot;id&quot;:3455,&quot;url&quot;:&quot;https:\\\/\\\/galletto.pl\\\/wp-content\\\/uploads\\\/2021\\\/08\\\/Slider-Galletto-001.jpg&quot;},{&quot;id&quot;:3123,&quot;url&quot;:&quot;https:\\\/\\\/galletto.pl\\\/wp-content\\\/uploads\\\/2021\\\/06\\\/Slider-Galletto-02.jpg&quot;},{&quot;id&quot;:3127,&quot;url&quot;:&quot;https:\\\/\\\/galletto.pl\\\/wp-content\\\/uploads\\\/2021\\\/06\\\/Slider-Galletto-03.jpg&quot;},{&quot;id&quot;:3489,&quot;url&quot;:&quot;https:\\\/\\\/galletto.pl\\\/wp-content\\\/uploads\\\/2021\\\/08\\\/Slider-Galletto-013.jpg&quot;}],&quot;background_slideshow_ken_burns&quot;:&quot;yes&quot;,&quot;motion_fx_motion_fx_scrolling&quot;:&quot;yes&quot;,&quot;animation&quot;:&quot;fadeIn&quot;,&quot;background_slideshow_loop&quot;:&quot;yes&quot;,&quot;background_slideshow_slide_duration&quot;:5000,&quot;background_slideshow_slide_transition&quot;:&quot;fade&quot;,&quot;background_slideshow_transition_duration&quot;:500,&quot;background_slideshow_ken_burns_zoom_direction&quot;:&quot;in&quot;,&quot;motion_fx_devices&quot;:[&quot;desktop&quot;,&quot;tablet&quot;,&quot;mobile&quot;]}\">\n\t\t\t\t\t\t\t<div class=\"elementor-background-overlay\"><\/div>\n\t\t\t\t\t\t\t<div class=\"elementor-container elementor-column-gap-default\">\n\t\t\t\t\t<div class=\"elementor-column elementor-col-100 elementor-top-column elementor-element elementor-element-21b3274\" data-id=\"21b3274\" data-element_type=\"column\" data-settings=\"{&quot;motion_fx_motion_fx_scrolling&quot;:&quot;yes&quot;,&quot;motion_fx_scale_effect&quot;:&quot;yes&quot;,&quot;motion_fx_scale_direction&quot;:&quot;in-out&quot;,&quot;motion_fx_scale_speed&quot;:{&quot;unit&quot;:&quot;px&quot;,&quot;size&quot;:4,&quot;sizes&quot;:[]},&quot;motion_fx_scale_range&quot;:{&quot;unit&quot;:&quot;%&quot;,&quot;size&quot;:&quot;&quot;,&quot;sizes&quot;:{&quot;start&quot;:20,&quot;end&quot;:80}},&quot;motion_fx_devices&quot;:[&quot;desktop&quot;,&quot;tablet&quot;,&quot;mobile&quot;]}\">\n\t\t\t<div class=\"elementor-widget-wrap elementor-element-populated\">\n\t\t\t\t\t\t\t\t<div class=\"elementor-element elementor-element-537ee91 elementor-widget elementor-widget-image\" data-id=\"537ee91\" data-element_type=\"widget\" data-widget_type=\"image.default\">\n\t\t\t\t<div class=\"elementor-widget-container\">\n\t\t\t\t\t\t\t\t\t\t\t\t\t\t\t<img decoding=\"async\" src=\"https:\/\/the7.io\/winery\/wp-content\/uploads\/sites\/80\/2021\/05\/berry-logo-white.svg\" title=\"\" alt=\"\" \/>\t\t\t\t\t\t\t\t\t\t\t\t\t\t\t<\/div>\n\t\t\t\t<\/div>\n\t\t\t\t<div class=\"elementor-element elementor-element-cd6b764 elementor-widget elementor-widget-heading\" data-id=\"cd6b764\" data-element_type=\"widget\" data-widget_type=\"heading.default\">\n\t\t\t\t<div class=\"elementor-widget-container\">\n\t\t\t<h1 class=\"elementor-heading-title elementor-size-default\">GALLETTO<\/h1>\t\t<\/div>\n\t\t\t\t<\/div>\n\t\t\t\t<div class=\"elementor-element elementor-element-a196ba6 elementor-widget elementor-widget-heading\" data-id=\"a196ba6\" data-element_type=\"widget\" data-widget_type=\"heading.default\">\n\t\t\t\t<div class=\"elementor-widget-container\">\n\t\t\t<h5 class=\"elementor-heading-title elementor-size-default\">Purchase and sale<br> <br>undergrowth and forest fruits<\/h5>\t\t<\/div>\n\t\t\t\t<\/div>\n\t\t\t\t<div class=\"elementor-element elementor-element-042a467 elementor-widget elementor-widget-heading\" data-id=\"042a467\" data-element_type=\"widget\" data-widget_type=\"heading.default\">\n\t\t\t\t<div class=\"elementor-widget-container\">\n\t\t\t<h5 class=\"elementor-heading-title elementor-size-default\"><br>Established in 1990<\/h5>\t\t<\/div>\n\t\t\t\t<\/div>\n\t\t\t\t\t<\/div>\n\t\t<\/div>\n\t\t\t\t\t\t\t<\/div>\n\t\t<\/section>\n\t\t\t\t<section class=\"elementor-section elementor-top-section elementor-element elementor-element-ca75ed8 elementor-section-full_width elementor-section-height-min-height elementor-section-items-stretch elementor-section-height-default\" data-id=\"ca75ed8\" data-element_type=\"section\">\n\t\t\t\t\t\t<div class=\"elementor-container elementor-column-gap-no\">\n\t\t\t\t\t<div class=\"elementor-column elementor-col-50 elementor-top-column elementor-element elementor-element-64dd1c6\" data-id=\"64dd1c6\" data-element_type=\"column\" data-settings=\"{&quot;background_background&quot;:&quot;classic&quot;,&quot;background_motion_fx_motion_fx_scrolling&quot;:&quot;yes&quot;,&quot;background_motion_fx_scale_effect&quot;:&quot;yes&quot;,&quot;background_motion_fx_scale_direction&quot;:&quot;in-out&quot;,&quot;background_motion_fx_scale_range&quot;:{&quot;unit&quot;:&quot;%&quot;,&quot;size&quot;:&quot;&quot;,&quot;sizes&quot;:{&quot;start&quot;:0,&quot;end&quot;:100}},&quot;motion_fx_motion_fx_scrolling&quot;:&quot;yes&quot;,&quot;background_motion_fx_scale_speed&quot;:{&quot;unit&quot;:&quot;px&quot;,&quot;size&quot;:3,&quot;sizes&quot;:[]},&quot;background_motion_fx_devices&quot;:[&quot;desktop&quot;,&quot;tablet&quot;,&quot;mobile&quot;],&quot;motion_fx_devices&quot;:[&quot;desktop&quot;,&quot;tablet&quot;,&quot;mobile&quot;]}\">\n\t\t\t<div class=\"elementor-widget-wrap elementor-element-populated\">\n\t\t\t\t\t\t\t\t<div class=\"elementor-element elementor-element-984e6c9 elementor-cta--skin-cover elementor-widget elementor-widget-call-to-action\" data-id=\"984e6c9\" data-element_type=\"widget\" data-widget_type=\"call-to-action.default\">\n\t\t\t\t<div class=\"elementor-widget-container\">\n\t\t\t\t\t<a href=\"https:\/\/galletto.pl\/en\/about-us\/\" class=\"elementor-cta\">\n\t\t\t\t\t<div class=\"elementor-cta__bg-wrapper\">\n\t\t\t\t<div class=\"elementor-cta__bg elementor-bg\" style=\"background-image: url();\"><\/div>\n\t\t\t\t<div class=\"elementor-cta__bg-overlay\"><\/div>\n\t\t\t<\/div>\n\t\t\t\t\t\t\t<div class=\"elementor-cta__content\">\n\t\t\t\t\n\t\t\t\t\t\t\t\t\t<h2 class=\"elementor-cta__title elementor-cta__content-item elementor-content-item\">\n\t\t\t\t\t\tAbout us\t\t\t\t\t<\/h2>\n\t\t\t\t\n\t\t\t\t\n\t\t\t\t\t\t\t<\/div>\n\t\t\t\t\t\t<\/a>\n\t\t\t\t<\/div>\n\t\t\t\t<\/div>\n\t\t\t\t\t<\/div>\n\t\t<\/div>\n\t\t\t\t<div class=\"elementor-column elementor-col-50 elementor-top-column elementor-element elementor-element-d85b32e\" data-id=\"d85b32e\" data-element_type=\"column\" data-settings=\"{&quot;background_background&quot;:&quot;classic&quot;,&quot;background_motion_fx_motion_fx_scrolling&quot;:&quot;yes&quot;,&quot;background_motion_fx_translateX_effect&quot;:&quot;yes&quot;,&quot;background_motion_fx_translateX_speed&quot;:{&quot;unit&quot;:&quot;px&quot;,&quot;size&quot;:3,&quot;sizes&quot;:[]},&quot;background_motion_fx_translateX_affectedRange&quot;:{&quot;unit&quot;:&quot;%&quot;,&quot;size&quot;:&quot;&quot;,&quot;sizes&quot;:{&quot;start&quot;:0,&quot;end&quot;:100}},&quot;background_motion_fx_devices&quot;:[&quot;desktop&quot;,&quot;tablet&quot;,&quot;mobile&quot;]}\">\n\t\t\t<div class=\"elementor-widget-wrap elementor-element-populated\">\n\t\t\t\t\t\t\t\t<div class=\"elementor-element elementor-element-6296bdd elementor-cta--skin-cover elementor-widget elementor-widget-call-to-action\" data-id=\"6296bdd\" data-element_type=\"widget\" data-widget_type=\"call-to-action.default\">\n\t\t\t\t<div class=\"elementor-widget-container\">\n\t\t\t\t\t<a href=\"https:\/\/galletto.pl\/en\/about-us\/\" class=\"elementor-cta\">\n\t\t\t\t\t<div class=\"elementor-cta__bg-wrapper\">\n\t\t\t\t<div class=\"elementor-cta__bg elementor-bg\" style=\"background-image: url();\"><\/div>\n\t\t\t\t<div class=\"elementor-cta__bg-overlay\"><\/div>\n\t\t\t<\/div>\n\t\t\t\t\t\t\t<div class=\"elementor-cta__content\">\n\t\t\t\t\n\t\t\t\t\t\t\t\t\t<h2 class=\"elementor-cta__title elementor-cta__content-item elementor-content-item\">\n\t\t\t\t\t\tOur goal\t\t\t\t\t<\/h2>\n\t\t\t\t\n\t\t\t\t\n\t\t\t\t\t\t\t<\/div>\n\t\t\t\t\t\t<\/a>\n\t\t\t\t<\/div>\n\t\t\t\t<\/div>\n\t\t\t\t\t<\/div>\n\t\t<\/div>\n\t\t\t\t\t\t\t<\/div>\n\t\t<\/section>\n\t\t\t\t<section class=\"elementor-section elementor-top-section elementor-element elementor-element-6768290 elementor-section-full_width elementor-section-height-default elementor-section-height-default\" data-id=\"6768290\" data-element_type=\"section\">\n\t\t\t\t\t\t<div class=\"elementor-container elementor-column-gap-wide\">\n\t\t\t\t\t<div class=\"elementor-column elementor-col-100 elementor-top-column elementor-element elementor-element-8f47dd8\" data-id=\"8f47dd8\" data-element_type=\"column\">\n\t\t\t<div class=\"elementor-widget-wrap elementor-element-populated\">\n\t\t\t\t\t\t\t\t<div class=\"elementor-element elementor-element-8d81fcc elementor-widget elementor-widget-heading\" data-id=\"8d81fcc\" data-element_type=\"widget\" data-widget_type=\"heading.default\">\n\t\t\t\t<div class=\"elementor-widget-container\">\n\t\t\t<h2 class=\"elementor-heading-title elementor-size-default\">BLOG<\/h2>\t\t<\/div>\n\t\t\t\t<\/div>\n\t\t\t\t<div class=\"elementor-element elementor-element-0fa5d81 elementor-widget elementor-widget-spacer\" data-id=\"0fa5d81\" data-element_type=\"widget\" data-widget_type=\"spacer.default\">\n\t\t\t\t<div class=\"elementor-widget-container\">\n\t\t\t\t\t<div class=\"elementor-spacer\">\n\t\t\t<div class=\"elementor-spacer-inner\"><\/div>\n\t\t<\/div>\n\t\t\t\t<\/div>\n\t\t\t\t<\/div>\n\t\t\t\t<div class=\"elementor-element elementor-element-dc22eab elementor-widget elementor-widget-the7_elements_carousel\" data-id=\"dc22eab\" data-element_type=\"widget\" data-widget_type=\"the7_elements_carousel.default\">\n\t\t\t\t<div class=\"elementor-widget-container\">\n\t\t\t<div  class=\"owl-carousel portfolio-carousel-shortcode elementor-owl-carousel-call portfolio-shortcode the7-elementor-widget the7_elements_carousel-dc22eab content-bg-on classic-layout-list description-under-image carousel-nav-display-always   quick-scale-img meta-info-off bullets-small-dot-stroke\"  data-scroll-mode=\"1\" data-col-num=\"3\" data-wide-col-num=\"3\" data-laptop-col=\"2\" data-h-tablet-columns-num=\"2\" data-v-tablet-columns-num=\"2\" data-phone-columns-num=\"1\" data-auto-height=\"false\" data-col-gap=\"40\" data-col-gap-tablet=\"\" data-col-gap-mobile=\"\" data-stage-padding=\"0\" data-speed=\"600\" data-autoplay=\"false\" data-autoplay_speed=\"\" data-arrows=\"true\" data-arrows_tablet=\"true\" data-arrows_mobile=\"true\" data-bullet=\"false\" data-bullet_tablet=\"false\" data-bullet_mobile=\"false\"><article class=\"post visible post-4056 type-post status-publish format-standard has-post-thumbnail hentry description-off\">\n\n\t<div class=\"post-thumbnail-wrap \">\n\t\t<div class=\"post-thumbnail\">\n\n\t\t\t<a href=\"https:\/\/galletto.pl\/en\/juniper\/\" class=\"post-thumbnail-rollover layzr-bg\" aria-label=\"Post image\"><img loading=\"lazy\" decoding=\"async\" class=\"preload-me lazy-load\" src=\"data:image\/svg+xml,%3Csvg%20xmlns%3D&#39;http%3A%2F%2Fwww.w3.org%2F2000%2Fsvg&#39;%20viewBox%3D&#39;0%200%20768%20512&#39;%2F%3E\" data-src=\"https:\/\/galletto.pl\/wp-content\/uploads\/2021\/05\/Slider-Galletto-26-768x512.jpg\" data-srcset=\"https:\/\/galletto.pl\/wp-content\/uploads\/2021\/05\/Slider-Galletto-26-768x512.jpg 768w, https:\/\/galletto.pl\/wp-content\/uploads\/2021\/05\/Slider-Galletto-26-1152x768.jpg 1152w\" alt=\"\" title=\"Slider-Galletto-26\" width=\"768\" height=\"512\"  \/><\/a>\n\t\t<\/div>\n\t<\/div>\n\n\n<div class=\"post-entry-content\">\n\n\t<h5 class=\"ele-entry-title\"><a href=\"https:\/\/galletto.pl\/en\/juniper\/\" title=\"Juniper\" rel=\"bookmark\">Juniper<\/a><\/h5><div class=\"entry-excerpt\"><p>BACTERICIDAL FRUITS Juniper fruits have diuretic and bactericidal properties, they contain oil, flavonoids, tannins and organic acids. It is added to dishes to balance their hardness to digest. Juniper oil is used in aromatherapy, cosmetology and medicine.<\/p>\n<\/div><a href=\"https:\/\/galletto.pl\/en\/juniper\/\" target=\"\" aria-label=\"Read more about Juniper\" class=\"box-button elementor-button elementor-size-xs\">Czytaj wi\u0119cej<\/a>\n<\/div><\/article><article class=\"post visible post-4054 type-post status-publish format-standard has-post-thumbnail hentry category-our-products category-46 description-off\">\n\n\t<div class=\"post-thumbnail-wrap \">\n\t\t<div class=\"post-thumbnail\">\n\n\t\t\t<a href=\"https:\/\/galletto.pl\/en\/rosehips\/\" class=\"post-thumbnail-rollover layzr-bg\" aria-label=\"Post image\"><img loading=\"lazy\" decoding=\"async\" class=\"preload-me lazy-load\" src=\"data:image\/svg+xml,%3Csvg%20xmlns%3D&#39;http%3A%2F%2Fwww.w3.org%2F2000%2Fsvg&#39;%20viewBox%3D&#39;0%200%20768%20512&#39;%2F%3E\" data-src=\"https:\/\/galletto.pl\/wp-content\/uploads\/2021\/05\/Slider-Galletto-25-768x512.jpg\" data-srcset=\"https:\/\/galletto.pl\/wp-content\/uploads\/2021\/05\/Slider-Galletto-25-768x512.jpg 768w, https:\/\/galletto.pl\/wp-content\/uploads\/2021\/05\/Slider-Galletto-25-1152x768.jpg 1152w\" alt=\"\" title=\"Slider-Galletto-25\" width=\"768\" height=\"512\"  \/><\/a>\n\t\t<\/div>\n\t<\/div>\n\n\n<div class=\"post-entry-content\">\n\n\t<h5 class=\"ele-entry-title\"><a href=\"https:\/\/galletto.pl\/en\/rosehips\/\" title=\"Rosehips\" rel=\"bookmark\">Rosehips<\/a><\/h5><div class=\"entry-excerpt\"><p>PRO-HEALTH PROPERTIES Wild rose has a number of health-promoting properties, its regular use is recommended to almost all of us , because it is an excellent source of vitamins and minerals that are needed by all of us, regardless of whether we are sick or not. In rose hips we find mainly vitamins A, B,&hellip;<\/p>\n<\/div><a href=\"https:\/\/galletto.pl\/en\/rosehips\/\" target=\"\" aria-label=\"Read more about Rosehips\" class=\"box-button elementor-button elementor-size-xs\">Czytaj wi\u0119cej<\/a>\n<\/div><\/article><article class=\"post visible post-4052 type-post status-publish format-standard has-post-thumbnail hentry category-our-products category-46 description-off\">\n\n\t<div class=\"post-thumbnail-wrap \">\n\t\t<div class=\"post-thumbnail\">\n\n\t\t\t<a href=\"https:\/\/galletto.pl\/en\/dried-mushrooms\/\" class=\"post-thumbnail-rollover layzr-bg\" aria-label=\"Post image\"><img loading=\"lazy\" decoding=\"async\" class=\"preload-me lazy-load\" src=\"data:image\/svg+xml,%3Csvg%20xmlns%3D&#39;http%3A%2F%2Fwww.w3.org%2F2000%2Fsvg&#39;%20viewBox%3D&#39;0%200%20768%20512&#39;%2F%3E\" data-src=\"https:\/\/galletto.pl\/wp-content\/uploads\/2021\/05\/Slider-Galletto-24-768x512.jpg\" data-srcset=\"https:\/\/galletto.pl\/wp-content\/uploads\/2021\/05\/Slider-Galletto-24-768x512.jpg 768w, https:\/\/galletto.pl\/wp-content\/uploads\/2021\/05\/Slider-Galletto-24-1152x768.jpg 1152w\" alt=\"\" title=\"Slider-Galletto-24\" width=\"768\" height=\"512\"  \/><\/a>\n\t\t<\/div>\n\t<\/div>\n\n\n<div class=\"post-entry-content\">\n\n\t<h5 class=\"ele-entry-title\"><a href=\"https:\/\/galletto.pl\/en\/dried-mushrooms\/\" title=\"Dried mushrooms\" rel=\"bookmark\">Dried mushrooms<\/a><\/h5><div class=\"entry-excerpt\"><p>VALUABLE SOURCE OF VITAMIN C. It turns out that mushrooms are also a valuable source of vitamin D in addition to fish. To obtain the greatest possible amount of vitamin D in mushrooms, we must dry them in the sun. Vitamin levels were found to increase up to 100 times when dried in sunlight compared&hellip;<\/p>\n<\/div><a href=\"https:\/\/galletto.pl\/en\/dried-mushrooms\/\" target=\"\" aria-label=\"Read more about Dried mushrooms\" class=\"box-button elementor-button elementor-size-xs\">Czytaj wi\u0119cej<\/a>\n<\/div><\/article><\/div><div class=\"owl-nav disabled\"><a class=\"owl-prev\"><i class=\" icomoon-the7-font-the7-arrow-16\"><\/i><\/a><a class=\"owl-next\"><i class=\" icomoon-the7-font-the7-arrow-17\"><\/i><\/a><\/div>\t\t<\/div>\n\t\t\t\t<\/div>\n\t\t\t\t\t<\/div>\n\t\t<\/div>\n\t\t\t\t\t\t\t<\/div>\n\t\t<\/section>\n\t\t\t\t<section class=\"elementor-section elementor-top-section elementor-element elementor-element-85cf3ae elementor-section-height-min-height elementor-section-items-stretch elementor-section-boxed elementor-section-height-default\" data-id=\"85cf3ae\" data-element_type=\"section\" data-settings=\"{&quot;background_background&quot;:&quot;classic&quot;,&quot;background_motion_fx_motion_fx_scrolling&quot;:&quot;yes&quot;,&quot;background_motion_fx_translateY_effect&quot;:&quot;yes&quot;,&quot;background_motion_fx_translateY_speed&quot;:{&quot;unit&quot;:&quot;px&quot;,&quot;size&quot;:8,&quot;sizes&quot;:[]},&quot;background_motion_fx_translateY_affectedRange&quot;:{&quot;unit&quot;:&quot;%&quot;,&quot;size&quot;:&quot;&quot;,&quot;sizes&quot;:{&quot;start&quot;:0,&quot;end&quot;:100}},&quot;background_motion_fx_devices&quot;:[&quot;desktop&quot;,&quot;tablet&quot;,&quot;mobile&quot;]}\">\n\t\t\t\t\t\t\t<div class=\"elementor-background-overlay\"><\/div>\n\t\t\t\t\t\t\t<div class=\"elementor-container elementor-column-gap-wide\">\n\t\t\t\t\t<div class=\"elementor-column elementor-col-100 elementor-top-column elementor-element elementor-element-953f197\" data-id=\"953f197\" data-element_type=\"column\">\n\t\t\t<div class=\"elementor-widget-wrap elementor-element-populated\">\n\t\t\t\t\t\t\t\t<div class=\"elementor-element elementor-element-1b0dae1 elementor-widget elementor-widget-heading\" data-id=\"1b0dae1\" data-element_type=\"widget\" data-widget_type=\"heading.default\">\n\t\t\t\t<div class=\"elementor-widget-container\">\n\t\t\t<h2 class=\"elementor-heading-title elementor-size-default\">Visit us<\/h2>\t\t<\/div>\n\t\t\t\t<\/div>\n\t\t\t\t<div class=\"elementor-element elementor-element-0352811 elementor-widget elementor-widget-spacer\" data-id=\"0352811\" data-element_type=\"widget\" data-widget_type=\"spacer.default\">\n\t\t\t\t<div class=\"elementor-widget-container\">\n\t\t\t\t\t<div class=\"elementor-spacer\">\n\t\t\t<div class=\"elementor-spacer-inner\"><\/div>\n\t\t<\/div>\n\t\t\t\t<\/div>\n\t\t\t\t<\/div>\n\t\t\t\t<div class=\"elementor-element elementor-element-89f98f2 elementor-widget elementor-widget-text-editor\" data-id=\"89f98f2\" data-element_type=\"widget\" data-widget_type=\"text-editor.default\">\n\t\t\t\t<div class=\"elementor-widget-container\">\n\t\t\t\t\t\t\t<p>We cordially invite you to our company to get to know our products in detail and discuss the terms of our cooperation.<\/p>\n\t\t\t\t\t\t<\/div>\n\t\t\t\t<\/div>\n\t\t\t\t<div class=\"elementor-element elementor-element-a51af45 elementor-widget elementor-widget-spacer\" data-id=\"a51af45\" data-element_type=\"widget\" data-widget_type=\"spacer.default\">\n\t\t\t\t<div class=\"elementor-widget-container\">\n\t\t\t\t\t<div class=\"elementor-spacer\">\n\t\t\t<div class=\"elementor-spacer-inner\"><\/div>\n\t\t<\/div>\n\t\t\t\t<\/div>\n\t\t\t\t<\/div>\n\t\t\t\t<div class=\"elementor-element elementor-element-e8b8298 elementor-align-justify elementor-widget__width-initial anchor-link elementor-widget elementor-widget-button\" data-id=\"e8b8298\" data-element_type=\"widget\" data-widget_type=\"button.default\">\n\t\t\t\t<div class=\"elementor-widget-container\">\n\t\t\t\t\t<div class=\"elementor-button-wrapper\">\n\t\t\t<a href=\"https:\/\/galletto.pl\/en\/contact\/\" class=\"elementor-button-link elementor-button elementor-size-md\" role=\"button\">\n\t\t\t\t\t\t<span class=\"elementor-button-content-wrapper\">\n\t\t\t\t\t\t<span class=\"elementor-button-text\">Make an appointment<\/span>\n\t\t<\/span>\n\t\t\t\t\t<\/a>\n\t\t<\/div>\n\t\t\t\t<\/div>\n\t\t\t\t<\/div>\n\t\t\t\t\t<\/div>\n\t\t<\/div>\n\t\t\t\t\t\t\t<\/div>\n\t\t<\/section>\n\t\t\t\t<section class=\"elementor-section elementor-top-section elementor-element elementor-element-5ef0229 elementor-section-full_width elementor-section-height-min-height elementor-section-items-stretch elementor-section-content-middle elementor-section-height-default\" data-id=\"5ef0229\" data-element_type=\"section\">\n\t\t\t\t\t\t<div class=\"elementor-container elementor-column-gap-no\">\n\t\t\t\t\t<div class=\"elementor-column elementor-col-33 elementor-top-column elementor-element elementor-element-4a293cd\" data-id=\"4a293cd\" data-element_type=\"column\">\n\t\t\t<div class=\"elementor-widget-wrap elementor-element-populated\">\n\t\t\t\t\t\t\t\t<div class=\"elementor-element elementor-element-206a9e9 elementor-cta--skin-cover elementor-cta--valign-bottom elementor-widget elementor-widget-call-to-action\" data-id=\"206a9e9\" data-element_type=\"widget\" data-widget_type=\"call-to-action.default\">\n\t\t\t\t<div class=\"elementor-widget-container\">\n\t\t\t\t\t<a href=\"https:\/\/galletto.pl\/en\/groundcover\/\" class=\"elementor-cta\">\n\t\t\t\t\t<div class=\"elementor-cta__bg-wrapper\">\n\t\t\t\t<div class=\"elementor-cta__bg elementor-bg\" style=\"background-image: url(https:\/\/galletto.pl\/wp-content\/uploads\/2021\/06\/Slider-Galletto-05.jpg);\"><\/div>\n\t\t\t\t<div class=\"elementor-cta__bg-overlay\"><\/div>\n\t\t\t<\/div>\n\t\t\t\t\t\t\t<div class=\"elementor-cta__content\">\n\t\t\t\t\n\t\t\t\t\t\t\t\t\t<h2 class=\"elementor-cta__title elementor-cta__content-item elementor-content-item\">\n\t\t\t\t\t\tForest mushroom\t\t\t\t\t<\/h2>\n\t\t\t\t\n\t\t\t\t\n\t\t\t\t\t\t\t\t\t<div class=\"elementor-cta__button-wrapper elementor-cta__content-item elementor-content-item \">\n\t\t\t\t\t<span class=\"elementor-cta__button elementor-button elementor-size-xs\">\n\t\t\t\t\t\tSee the offer\t\t\t\t\t<\/span>\n\t\t\t\t\t<\/div>\n\t\t\t\t\t\t\t<\/div>\n\t\t\t\t\t\t<\/a>\n\t\t\t\t<\/div>\n\t\t\t\t<\/div>\n\t\t\t\t\t<\/div>\n\t\t<\/div>\n\t\t\t\t<div class=\"elementor-column elementor-col-33 elementor-top-column elementor-element elementor-element-2cb5a5b\" data-id=\"2cb5a5b\" data-element_type=\"column\">\n\t\t\t<div class=\"elementor-widget-wrap elementor-element-populated\">\n\t\t\t\t\t\t\t\t<div class=\"elementor-element elementor-element-db9a0e2 elementor-cta--skin-cover elementor-cta--valign-bottom anchor-link elementor-widget elementor-widget-call-to-action\" data-id=\"db9a0e2\" data-element_type=\"widget\" data-widget_type=\"call-to-action.default\">\n\t\t\t\t<div class=\"elementor-widget-container\">\n\t\t\t\t\t<a href=\"https:\/\/galletto.pl\/en\/fruit\/\" class=\"elementor-cta\">\n\t\t\t\t\t<div class=\"elementor-cta__bg-wrapper\">\n\t\t\t\t<div class=\"elementor-cta__bg elementor-bg\" style=\"background-image: url(https:\/\/galletto.pl\/wp-content\/uploads\/2021\/07\/Slider-Galletto-31.jpg);\"><\/div>\n\t\t\t\t<div class=\"elementor-cta__bg-overlay\"><\/div>\n\t\t\t<\/div>\n\t\t\t\t\t\t\t<div class=\"elementor-cta__content\">\n\t\t\t\t\n\t\t\t\t\t\t\t\t\t<h2 class=\"elementor-cta__title elementor-cta__content-item elementor-content-item\">\n\t\t\t\t\t\tFruit\t\t\t\t\t<\/h2>\n\t\t\t\t\n\t\t\t\t\n\t\t\t\t\t\t\t\t\t<div class=\"elementor-cta__button-wrapper elementor-cta__content-item elementor-content-item \">\n\t\t\t\t\t<span class=\"elementor-cta__button elementor-button elementor-size-xs\">\n\t\t\t\t\t\tSee the offer\t\t\t\t\t<\/span>\n\t\t\t\t\t<\/div>\n\t\t\t\t\t\t\t<\/div>\n\t\t\t\t\t\t<\/a>\n\t\t\t\t<\/div>\n\t\t\t\t<\/div>\n\t\t\t\t\t<\/div>\n\t\t<\/div>\n\t\t\t\t<div class=\"elementor-column elementor-col-33 elementor-top-column elementor-element elementor-element-d5c139e\" data-id=\"d5c139e\" data-element_type=\"column\">\n\t\t\t<div class=\"elementor-widget-wrap elementor-element-populated\">\n\t\t\t\t\t\t\t\t<div class=\"elementor-element elementor-element-0aa6a10 elementor-cta--skin-cover elementor-cta--valign-bottom anchor-link elementor-widget elementor-widget-call-to-action\" data-id=\"0aa6a10\" data-element_type=\"widget\" data-widget_type=\"call-to-action.default\">\n\t\t\t\t<div class=\"elementor-widget-container\">\n\t\t\t\t\t<a href=\"https:\/\/www.juniperi.pl\" target=\"_blank\" class=\"elementor-cta\">\n\t\t\t\t\t<div class=\"elementor-cta__bg-wrapper\">\n\t\t\t\t<div class=\"elementor-cta__bg elementor-bg\" style=\"background-image: url(https:\/\/galletto.pl\/wp-content\/uploads\/2021\/06\/Slider-Galletto-07.jpg);\"><\/div>\n\t\t\t\t<div class=\"elementor-cta__bg-overlay\"><\/div>\n\t\t\t<\/div>\n\t\t\t\t\t\t\t<div class=\"elementor-cta__content\">\n\t\t\t\t\n\t\t\t\t\t\t\t\t\t<h2 class=\"elementor-cta__title elementor-cta__content-item elementor-content-item\">\n\t\t\t\t\t\tJuniper berry\t\t\t\t\t<\/h2>\n\t\t\t\t\n\t\t\t\t\n\t\t\t\t\t\t\t\t\t<div class=\"elementor-cta__button-wrapper elementor-cta__content-item elementor-content-item \">\n\t\t\t\t\t<span class=\"elementor-cta__button elementor-button elementor-size-xs\">\n\t\t\t\t\t\tGo to page\t\t\t\t\t<\/span>\n\t\t\t\t\t<\/div>\n\t\t\t\t\t\t\t<\/div>\n\t\t\t\t\t\t<\/a>\n\t\t\t\t<\/div>\n\t\t\t\t<\/div>\n\t\t\t\t\t<\/div>\n\t\t<\/div>\n\t\t\t\t\t\t\t<\/div>\n\t\t<\/section>\n\t\t\t\t\t\t<\/div>\n\t\t\t\t\t<\/div>\n\t\t","protected":false},"excerpt":{"rendered":"<p>GALLETTO Purchase and sale undergrowth and forest fruits Established in 1990 About us Our goal BLOG Grzyby suszone CENNE \u0179R\u00d3D\u0141O WITAMINY C Okazuje si\u0119, \u017ce cennym \u017ar\u00f3d\u0142em witaminy D obok ryb s\u0105 r\u00f3wnie\u017c grzyby. Aby uzyska\u0107 jak najwi\u0119ksze ilo\u015bci witaminy D w grzybach musimy suszy\u0107 je na s\u0142o\u0144cu.\u00a0Odkryto, \u017ce poziom witaminy wzrasta nawet stukrotnie podczas&hellip;<\/p>\n","protected":false},"author":1,"featured_media":0,"parent":0,"menu_order":0,"comment_status":"closed","ping_status":"closed","template":"elementor_header_footer","meta":{"footnotes":""},"class_list":{"0":"post-4002","1":"page","2":"type-page","3":"status-publish","4":"hentry","5":"category-46","7":"description-off"},"_links":{"self":[{"href":"https:\/\/galletto.pl\/en\/wp-json\/wp\/v2\/pages\/4002"}],"collection":[{"href":"https:\/\/galletto.pl\/en\/wp-json\/wp\/v2\/pages"}],"about":[{"href":"https:\/\/galletto.pl\/en\/wp-json\/wp\/v2\/types\/page"}],"author":[{"embeddable":true,"href":"https:\/\/galletto.pl\/en\/wp-json\/wp\/v2\/users\/1"}],"replies":[{"embeddable":true,"href":"https:\/\/galletto.pl\/en\/wp-json\/wp\/v2\/comments?post=4002"}],"version-history":[{"count":9,"href":"https:\/\/galletto.pl\/en\/wp-json\/wp\/v2\/pages\/4002\/revisions"}],"predecessor-version":[{"id":4110,"href":"https:\/\/galletto.pl\/en\/wp-json\/wp\/v2\/pages\/4002\/revisions\/4110"}],"wp:attachment":[{"href":"https:\/\/galletto.pl\/en\/wp-json\/wp\/v2\/media?parent=4002"}],"curies":[{"name":"wp","href":"https:\/\/api.w.org\/{rel}","templated":true}]}}