{"id":4020,"date":"2021-10-25T22:47:54","date_gmt":"2021-10-25T20:47:54","guid":{"rendered":"https:\/\/galletto.pl\/startseite\/"},"modified":"2021-11-04T12:50:58","modified_gmt":"2021-11-04T11:50:58","slug":"startseite","status":"publish","type":"page","link":"https:\/\/galletto.pl\/de\/","title":{"rendered":"STARTSEITE"},"content":{"rendered":"\t\t<div data-elementor-type=\"wp-page\" data-elementor-id=\"4020\" class=\"elementor elementor-4020\" data-elementor-settings=\"[]\">\n\t\t\t\t\t\t\t<div class=\"elementor-section-wrap\">\n\t\t\t\t\t\t\t<section class=\"elementor-section elementor-top-section elementor-element elementor-element-d57b931 elementor-section-full_width elementor-section-height-min-height elementor-section-items-stretch elementor-section-height-default elementor-invisible\" data-id=\"d57b931\" data-element_type=\"section\" data-settings=\"{&quot;background_background&quot;:&quot;slideshow&quot;,&quot;background_slideshow_gallery&quot;:[{&quot;id&quot;:3455,&quot;url&quot;:&quot;https:\\\/\\\/galletto.pl\\\/wp-content\\\/uploads\\\/2021\\\/08\\\/Slider-Galletto-001.jpg&quot;},{&quot;id&quot;:3123,&quot;url&quot;:&quot;https:\\\/\\\/galletto.pl\\\/wp-content\\\/uploads\\\/2021\\\/06\\\/Slider-Galletto-02.jpg&quot;},{&quot;id&quot;:3127,&quot;url&quot;:&quot;https:\\\/\\\/galletto.pl\\\/wp-content\\\/uploads\\\/2021\\\/06\\\/Slider-Galletto-03.jpg&quot;},{&quot;id&quot;:3489,&quot;url&quot;:&quot;https:\\\/\\\/galletto.pl\\\/wp-content\\\/uploads\\\/2021\\\/08\\\/Slider-Galletto-013.jpg&quot;}],&quot;background_slideshow_ken_burns&quot;:&quot;yes&quot;,&quot;motion_fx_motion_fx_scrolling&quot;:&quot;yes&quot;,&quot;animation&quot;:&quot;fadeIn&quot;,&quot;background_slideshow_loop&quot;:&quot;yes&quot;,&quot;background_slideshow_slide_duration&quot;:5000,&quot;background_slideshow_slide_transition&quot;:&quot;fade&quot;,&quot;background_slideshow_transition_duration&quot;:500,&quot;background_slideshow_ken_burns_zoom_direction&quot;:&quot;in&quot;,&quot;motion_fx_devices&quot;:[&quot;desktop&quot;,&quot;tablet&quot;,&quot;mobile&quot;]}\">\n\t\t\t\t\t\t\t<div class=\"elementor-background-overlay\"><\/div>\n\t\t\t\t\t\t\t<div class=\"elementor-container elementor-column-gap-default\">\n\t\t\t\t\t<div class=\"elementor-column elementor-col-100 elementor-top-column elementor-element elementor-element-21b3274\" data-id=\"21b3274\" data-element_type=\"column\" data-settings=\"{&quot;motion_fx_motion_fx_scrolling&quot;:&quot;yes&quot;,&quot;motion_fx_scale_effect&quot;:&quot;yes&quot;,&quot;motion_fx_scale_direction&quot;:&quot;in-out&quot;,&quot;motion_fx_scale_speed&quot;:{&quot;unit&quot;:&quot;px&quot;,&quot;size&quot;:4,&quot;sizes&quot;:[]},&quot;motion_fx_scale_range&quot;:{&quot;unit&quot;:&quot;%&quot;,&quot;size&quot;:&quot;&quot;,&quot;sizes&quot;:{&quot;start&quot;:20,&quot;end&quot;:80}},&quot;motion_fx_devices&quot;:[&quot;desktop&quot;,&quot;tablet&quot;,&quot;mobile&quot;]}\">\n\t\t\t<div class=\"elementor-widget-wrap elementor-element-populated\">\n\t\t\t\t\t\t\t\t<div class=\"elementor-element elementor-element-537ee91 elementor-widget elementor-widget-image\" data-id=\"537ee91\" data-element_type=\"widget\" data-widget_type=\"image.default\">\n\t\t\t\t<div class=\"elementor-widget-container\">\n\t\t\t\t\t\t\t\t\t\t\t\t\t\t\t<img decoding=\"async\" src=\"https:\/\/the7.io\/winery\/wp-content\/uploads\/sites\/80\/2021\/05\/berry-logo-white.svg\" title=\"\" alt=\"\" \/>\t\t\t\t\t\t\t\t\t\t\t\t\t\t\t<\/div>\n\t\t\t\t<\/div>\n\t\t\t\t<div class=\"elementor-element elementor-element-cd6b764 elementor-widget elementor-widget-heading\" data-id=\"cd6b764\" data-element_type=\"widget\" data-widget_type=\"heading.default\">\n\t\t\t\t<div class=\"elementor-widget-container\">\n\t\t\t<h1 class=\"elementor-heading-title elementor-size-default\">GALLETTO<\/h1>\t\t<\/div>\n\t\t\t\t<\/div>\n\t\t\t\t<div class=\"elementor-element elementor-element-a196ba6 elementor-widget elementor-widget-heading\" data-id=\"a196ba6\" data-element_type=\"widget\" data-widget_type=\"heading.default\">\n\t\t\t\t<div class=\"elementor-widget-container\">\n\t\t\t<h5 class=\"elementor-heading-title elementor-size-default\">An und Verkauf<br> <br>Unterholz und Wacholderbeeren<\/h5>\t\t<\/div>\n\t\t\t\t<\/div>\n\t\t\t\t<div class=\"elementor-element elementor-element-042a467 elementor-widget elementor-widget-heading\" data-id=\"042a467\" data-element_type=\"widget\" data-widget_type=\"heading.default\">\n\t\t\t\t<div class=\"elementor-widget-container\">\n\t\t\t<h5 class=\"elementor-heading-title elementor-size-default\"><br>gegr\u00fcndet : 1990<\/h5>\t\t<\/div>\n\t\t\t\t<\/div>\n\t\t\t\t\t<\/div>\n\t\t<\/div>\n\t\t\t\t\t\t\t<\/div>\n\t\t<\/section>\n\t\t\t\t<section class=\"elementor-section elementor-top-section elementor-element elementor-element-ca75ed8 elementor-section-full_width elementor-section-height-min-height elementor-section-items-stretch elementor-section-height-default\" data-id=\"ca75ed8\" data-element_type=\"section\">\n\t\t\t\t\t\t<div class=\"elementor-container elementor-column-gap-no\">\n\t\t\t\t\t<div class=\"elementor-column elementor-col-50 elementor-top-column elementor-element elementor-element-64dd1c6\" data-id=\"64dd1c6\" data-element_type=\"column\" data-settings=\"{&quot;background_background&quot;:&quot;classic&quot;,&quot;background_motion_fx_motion_fx_scrolling&quot;:&quot;yes&quot;,&quot;background_motion_fx_scale_effect&quot;:&quot;yes&quot;,&quot;background_motion_fx_scale_direction&quot;:&quot;in-out&quot;,&quot;background_motion_fx_scale_range&quot;:{&quot;unit&quot;:&quot;%&quot;,&quot;size&quot;:&quot;&quot;,&quot;sizes&quot;:{&quot;start&quot;:0,&quot;end&quot;:100}},&quot;motion_fx_motion_fx_scrolling&quot;:&quot;yes&quot;,&quot;background_motion_fx_scale_speed&quot;:{&quot;unit&quot;:&quot;px&quot;,&quot;size&quot;:3,&quot;sizes&quot;:[]},&quot;background_motion_fx_devices&quot;:[&quot;desktop&quot;,&quot;tablet&quot;,&quot;mobile&quot;],&quot;motion_fx_devices&quot;:[&quot;desktop&quot;,&quot;tablet&quot;,&quot;mobile&quot;]}\">\n\t\t\t<div class=\"elementor-widget-wrap elementor-element-populated\">\n\t\t\t\t\t\t\t\t<div class=\"elementor-element elementor-element-984e6c9 elementor-cta--skin-cover elementor-widget elementor-widget-call-to-action\" data-id=\"984e6c9\" data-element_type=\"widget\" data-widget_type=\"call-to-action.default\">\n\t\t\t\t<div class=\"elementor-widget-container\">\n\t\t\t\t\t<a href=\"https:\/\/galletto.pl\/de\/ueber-uns\/\" class=\"elementor-cta\">\n\t\t\t\t\t<div class=\"elementor-cta__bg-wrapper\">\n\t\t\t\t<div class=\"elementor-cta__bg elementor-bg\" style=\"background-image: url();\"><\/div>\n\t\t\t\t<div class=\"elementor-cta__bg-overlay\"><\/div>\n\t\t\t<\/div>\n\t\t\t\t\t\t\t<div class=\"elementor-cta__content\">\n\t\t\t\t\n\t\t\t\t\t\t\t\t\t<h2 class=\"elementor-cta__title elementor-cta__content-item elementor-content-item\">\n\t\t\t\t\t\t\u00dcber uns\t\t\t\t\t<\/h2>\n\t\t\t\t\n\t\t\t\t\n\t\t\t\t\t\t\t<\/div>\n\t\t\t\t\t\t<\/a>\n\t\t\t\t<\/div>\n\t\t\t\t<\/div>\n\t\t\t\t\t<\/div>\n\t\t<\/div>\n\t\t\t\t<div class=\"elementor-column elementor-col-50 elementor-top-column elementor-element elementor-element-d85b32e\" data-id=\"d85b32e\" data-element_type=\"column\" data-settings=\"{&quot;background_background&quot;:&quot;classic&quot;,&quot;background_motion_fx_motion_fx_scrolling&quot;:&quot;yes&quot;,&quot;background_motion_fx_translateX_effect&quot;:&quot;yes&quot;,&quot;background_motion_fx_translateX_speed&quot;:{&quot;unit&quot;:&quot;px&quot;,&quot;size&quot;:3,&quot;sizes&quot;:[]},&quot;background_motion_fx_translateX_affectedRange&quot;:{&quot;unit&quot;:&quot;%&quot;,&quot;size&quot;:&quot;&quot;,&quot;sizes&quot;:{&quot;start&quot;:0,&quot;end&quot;:100}},&quot;background_motion_fx_devices&quot;:[&quot;desktop&quot;,&quot;tablet&quot;,&quot;mobile&quot;]}\">\n\t\t\t<div class=\"elementor-widget-wrap elementor-element-populated\">\n\t\t\t\t\t\t\t\t<div class=\"elementor-element elementor-element-6296bdd elementor-cta--skin-cover elementor-widget elementor-widget-call-to-action\" data-id=\"6296bdd\" data-element_type=\"widget\" data-widget_type=\"call-to-action.default\">\n\t\t\t\t<div class=\"elementor-widget-container\">\n\t\t\t\t\t<a href=\"https:\/\/galletto.pl\/de\/ueber-uns\/\" class=\"elementor-cta\">\n\t\t\t\t\t<div class=\"elementor-cta__bg-wrapper\">\n\t\t\t\t<div class=\"elementor-cta__bg elementor-bg\" style=\"background-image: url();\"><\/div>\n\t\t\t\t<div class=\"elementor-cta__bg-overlay\"><\/div>\n\t\t\t<\/div>\n\t\t\t\t\t\t\t<div class=\"elementor-cta__content\">\n\t\t\t\t\n\t\t\t\t\t\t\t\t\t<h2 class=\"elementor-cta__title elementor-cta__content-item elementor-content-item\">\n\t\t\t\t\t\tUnser Ziel\t\t\t\t\t<\/h2>\n\t\t\t\t\n\t\t\t\t\n\t\t\t\t\t\t\t<\/div>\n\t\t\t\t\t\t<\/a>\n\t\t\t\t<\/div>\n\t\t\t\t<\/div>\n\t\t\t\t\t<\/div>\n\t\t<\/div>\n\t\t\t\t\t\t\t<\/div>\n\t\t<\/section>\n\t\t\t\t<section class=\"elementor-section elementor-top-section elementor-element elementor-element-6768290 elementor-section-full_width elementor-section-height-default elementor-section-height-default\" data-id=\"6768290\" data-element_type=\"section\">\n\t\t\t\t\t\t<div class=\"elementor-container elementor-column-gap-wide\">\n\t\t\t\t\t<div class=\"elementor-column elementor-col-100 elementor-top-column elementor-element elementor-element-8f47dd8\" data-id=\"8f47dd8\" data-element_type=\"column\">\n\t\t\t<div class=\"elementor-widget-wrap elementor-element-populated\">\n\t\t\t\t\t\t\t\t<div class=\"elementor-element elementor-element-8d81fcc elementor-widget elementor-widget-heading\" data-id=\"8d81fcc\" data-element_type=\"widget\" data-widget_type=\"heading.default\">\n\t\t\t\t<div class=\"elementor-widget-container\">\n\t\t\t<h2 class=\"elementor-heading-title elementor-size-default\">BLOG<\/h2>\t\t<\/div>\n\t\t\t\t<\/div>\n\t\t\t\t<div class=\"elementor-element elementor-element-0fa5d81 elementor-widget elementor-widget-spacer\" data-id=\"0fa5d81\" data-element_type=\"widget\" data-widget_type=\"spacer.default\">\n\t\t\t\t<div class=\"elementor-widget-container\">\n\t\t\t\t\t<div class=\"elementor-spacer\">\n\t\t\t<div class=\"elementor-spacer-inner\"><\/div>\n\t\t<\/div>\n\t\t\t\t<\/div>\n\t\t\t\t<\/div>\n\t\t\t\t<div class=\"elementor-element elementor-element-dc22eab elementor-widget elementor-widget-the7_elements_carousel\" data-id=\"dc22eab\" data-element_type=\"widget\" data-widget_type=\"the7_elements_carousel.default\">\n\t\t\t\t<div class=\"elementor-widget-container\">\n\t\t\t<div  class=\"owl-carousel portfolio-carousel-shortcode elementor-owl-carousel-call portfolio-shortcode the7-elementor-widget the7_elements_carousel-dc22eab content-bg-on classic-layout-list description-under-image carousel-nav-display-always   quick-scale-img meta-info-off bullets-small-dot-stroke\"  data-scroll-mode=\"1\" data-col-num=\"3\" data-wide-col-num=\"3\" data-laptop-col=\"2\" data-h-tablet-columns-num=\"2\" data-v-tablet-columns-num=\"2\" data-phone-columns-num=\"1\" data-auto-height=\"false\" data-col-gap=\"40\" data-col-gap-tablet=\"\" data-col-gap-mobile=\"\" data-stage-padding=\"0\" data-speed=\"600\" data-autoplay=\"false\" data-autoplay_speed=\"\" data-arrows=\"true\" data-arrows_tablet=\"true\" data-arrows_mobile=\"true\" data-bullet=\"false\" data-bullet_tablet=\"false\" data-bullet_mobile=\"false\"><article class=\"post visible post-4062 type-post status-publish format-standard has-post-thumbnail hentry category-unsere-produkte category-47 description-off\">\n\n\t<div class=\"post-thumbnail-wrap \">\n\t\t<div class=\"post-thumbnail\">\n\n\t\t\t<a href=\"https:\/\/galletto.pl\/de\/wacholder\/\" class=\"post-thumbnail-rollover layzr-bg\" aria-label=\"Post image\"><img loading=\"lazy\" decoding=\"async\" class=\"preload-me lazy-load\" src=\"data:image\/svg+xml,%3Csvg%20xmlns%3D&#39;http%3A%2F%2Fwww.w3.org%2F2000%2Fsvg&#39;%20viewBox%3D&#39;0%200%20768%20512&#39;%2F%3E\" data-src=\"https:\/\/galletto.pl\/wp-content\/uploads\/2021\/05\/Slider-Galletto-26-768x512.jpg\" data-srcset=\"https:\/\/galletto.pl\/wp-content\/uploads\/2021\/05\/Slider-Galletto-26-768x512.jpg 768w, https:\/\/galletto.pl\/wp-content\/uploads\/2021\/05\/Slider-Galletto-26-1152x768.jpg 1152w\" alt=\"\" title=\"Slider-Galletto-26\" width=\"768\" height=\"512\"  \/><\/a>\n\t\t<\/div>\n\t<\/div>\n\n\n<div class=\"post-entry-content\">\n\n\t<h5 class=\"ele-entry-title\"><a href=\"https:\/\/galletto.pl\/de\/wacholder\/\" title=\"Wacholder\" rel=\"bookmark\">Wacholder<\/a><\/h5><div class=\"entry-excerpt\"><p>BAKTERIZIDE FR\u00dcCHTE Wacholderfr\u00fcchte haben harntreibende und bakterizide Eigenschaften , sie enthalten \u00d6l, Flavonoide, Tannine und organische S\u00e4uren. Es wird Gerichten zugesetzt, um ihre Verdauungsh\u00e4rte auszugleichen. Wacholder\u00f6l wird in der Aromatherapie, Kosmetik und Medizin verwendet.<\/p>\n<\/div><a href=\"https:\/\/galletto.pl\/de\/wacholder\/\" target=\"\" aria-label=\"Read more about Wacholder\" class=\"box-button elementor-button elementor-size-xs\">Czytaj wi\u0119cej<\/a>\n<\/div><\/article><article class=\"post visible post-4060 type-post status-publish format-standard has-post-thumbnail hentry description-off\">\n\n\t<div class=\"post-thumbnail-wrap \">\n\t\t<div class=\"post-thumbnail\">\n\n\t\t\t<a href=\"https:\/\/galletto.pl\/de\/hagebutten\/\" class=\"post-thumbnail-rollover layzr-bg\" aria-label=\"Post image\"><img loading=\"lazy\" decoding=\"async\" class=\"preload-me lazy-load\" src=\"data:image\/svg+xml,%3Csvg%20xmlns%3D&#39;http%3A%2F%2Fwww.w3.org%2F2000%2Fsvg&#39;%20viewBox%3D&#39;0%200%20768%20512&#39;%2F%3E\" data-src=\"https:\/\/galletto.pl\/wp-content\/uploads\/2021\/05\/Slider-Galletto-25-768x512.jpg\" data-srcset=\"https:\/\/galletto.pl\/wp-content\/uploads\/2021\/05\/Slider-Galletto-25-768x512.jpg 768w, https:\/\/galletto.pl\/wp-content\/uploads\/2021\/05\/Slider-Galletto-25-1152x768.jpg 1152w\" alt=\"\" title=\"Slider-Galletto-25\" width=\"768\" height=\"512\"  \/><\/a>\n\t\t<\/div>\n\t<\/div>\n\n\n<div class=\"post-entry-content\">\n\n\t<h5 class=\"ele-entry-title\"><a href=\"https:\/\/galletto.pl\/de\/hagebutten\/\" title=\"Hagebutten\" rel=\"bookmark\">Hagebutten<\/a><\/h5><div class=\"entry-excerpt\"><p>PRO-GESUNDHEITS-EIGENSCHAFTEN Wildrose hat eine Reihe von gesundheitsf\u00f6rdernden Eigenschaften, ihre regelm\u00e4\u00dfige Anwendung wird fast allen von uns empfohlen, da sie eine hervorragende Quelle f\u00fcr Vitamine und Mineralstoffe ist, die von uns allen ben\u00f6tigt werden, unabh\u00e4ngig davon, ob wir krank sind oder nicht. In Hagebutten finden wir vor allem die Vitamine A, B, B1, B2, C, E,&hellip;<\/p>\n<\/div><a href=\"https:\/\/galletto.pl\/de\/hagebutten\/\" target=\"\" aria-label=\"Read more about Hagebutten\" class=\"box-button elementor-button elementor-size-xs\">Czytaj wi\u0119cej<\/a>\n<\/div><\/article><article class=\"post visible post-4058 type-post status-publish format-standard has-post-thumbnail hentry category-unsere-produkte category-47 description-off\">\n\n\t<div class=\"post-thumbnail-wrap \">\n\t\t<div class=\"post-thumbnail\">\n\n\t\t\t<a href=\"https:\/\/galletto.pl\/de\/getrocknete-pilze\/\" class=\"post-thumbnail-rollover layzr-bg\" aria-label=\"Post image\"><img loading=\"lazy\" decoding=\"async\" class=\"preload-me lazy-load\" src=\"data:image\/svg+xml,%3Csvg%20xmlns%3D&#39;http%3A%2F%2Fwww.w3.org%2F2000%2Fsvg&#39;%20viewBox%3D&#39;0%200%20768%20512&#39;%2F%3E\" data-src=\"https:\/\/galletto.pl\/wp-content\/uploads\/2021\/05\/Slider-Galletto-24-768x512.jpg\" data-srcset=\"https:\/\/galletto.pl\/wp-content\/uploads\/2021\/05\/Slider-Galletto-24-768x512.jpg 768w, https:\/\/galletto.pl\/wp-content\/uploads\/2021\/05\/Slider-Galletto-24-1152x768.jpg 1152w\" alt=\"\" title=\"Slider-Galletto-24\" width=\"768\" height=\"512\"  \/><\/a>\n\t\t<\/div>\n\t<\/div>\n\n\n<div class=\"post-entry-content\">\n\n\t<h5 class=\"ele-entry-title\"><a href=\"https:\/\/galletto.pl\/de\/getrocknete-pilze\/\" title=\"Getrocknete Pilze\" rel=\"bookmark\">Getrocknete Pilze<\/a><\/h5><div class=\"entry-excerpt\"><p>WERTVOLLE QUELLE VON VITAMIN C. Es stellt sich heraus, dass neben Fisch auch Pilze eine wertvolle Vitamin-D-Quelle sind. Um die gr\u00f6\u00dftm\u00f6gliche Menge an Vitamin D in Pilzen zu erhalten, m\u00fcssen wir sie in der Sonne trocknen. Es wurde festgestellt, dass der Vitaminspiegel beim Trocknen im Sonnenlicht bis zu 100-mal h\u00f6her ist als bei im Dunkeln&hellip;<\/p>\n<\/div><a href=\"https:\/\/galletto.pl\/de\/getrocknete-pilze\/\" target=\"\" aria-label=\"Read more about Getrocknete Pilze\" class=\"box-button elementor-button elementor-size-xs\">Czytaj wi\u0119cej<\/a>\n<\/div><\/article><\/div><div class=\"owl-nav disabled\"><a class=\"owl-prev\"><i class=\" icomoon-the7-font-the7-arrow-16\"><\/i><\/a><a class=\"owl-next\"><i class=\" icomoon-the7-font-the7-arrow-17\"><\/i><\/a><\/div>\t\t<\/div>\n\t\t\t\t<\/div>\n\t\t\t\t\t<\/div>\n\t\t<\/div>\n\t\t\t\t\t\t\t<\/div>\n\t\t<\/section>\n\t\t\t\t<section class=\"elementor-section elementor-top-section elementor-element elementor-element-85cf3ae elementor-section-height-min-height elementor-section-items-stretch elementor-section-boxed elementor-section-height-default\" data-id=\"85cf3ae\" data-element_type=\"section\" data-settings=\"{&quot;background_background&quot;:&quot;classic&quot;,&quot;background_motion_fx_motion_fx_scrolling&quot;:&quot;yes&quot;,&quot;background_motion_fx_translateY_effect&quot;:&quot;yes&quot;,&quot;background_motion_fx_translateY_speed&quot;:{&quot;unit&quot;:&quot;px&quot;,&quot;size&quot;:8,&quot;sizes&quot;:[]},&quot;background_motion_fx_translateY_affectedRange&quot;:{&quot;unit&quot;:&quot;%&quot;,&quot;size&quot;:&quot;&quot;,&quot;sizes&quot;:{&quot;start&quot;:0,&quot;end&quot;:100}},&quot;background_motion_fx_devices&quot;:[&quot;desktop&quot;,&quot;tablet&quot;,&quot;mobile&quot;]}\">\n\t\t\t\t\t\t\t<div class=\"elementor-background-overlay\"><\/div>\n\t\t\t\t\t\t\t<div class=\"elementor-container elementor-column-gap-wide\">\n\t\t\t\t\t<div class=\"elementor-column elementor-col-100 elementor-top-column elementor-element elementor-element-953f197\" data-id=\"953f197\" data-element_type=\"column\">\n\t\t\t<div class=\"elementor-widget-wrap elementor-element-populated\">\n\t\t\t\t\t\t\t\t<div class=\"elementor-element elementor-element-1b0dae1 elementor-widget elementor-widget-heading\" data-id=\"1b0dae1\" data-element_type=\"widget\" data-widget_type=\"heading.default\">\n\t\t\t\t<div class=\"elementor-widget-container\">\n\t\t\t<h2 class=\"elementor-heading-title elementor-size-default\">Besuchen Sie uns<\/h2>\t\t<\/div>\n\t\t\t\t<\/div>\n\t\t\t\t<div class=\"elementor-element elementor-element-0352811 elementor-widget elementor-widget-spacer\" data-id=\"0352811\" data-element_type=\"widget\" data-widget_type=\"spacer.default\">\n\t\t\t\t<div class=\"elementor-widget-container\">\n\t\t\t\t\t<div class=\"elementor-spacer\">\n\t\t\t<div class=\"elementor-spacer-inner\"><\/div>\n\t\t<\/div>\n\t\t\t\t<\/div>\n\t\t\t\t<\/div>\n\t\t\t\t<div class=\"elementor-element elementor-element-89f98f2 elementor-widget elementor-widget-text-editor\" data-id=\"89f98f2\" data-element_type=\"widget\" data-widget_type=\"text-editor.default\">\n\t\t\t\t<div class=\"elementor-widget-container\">\n\t\t\t\t\t\t\t<p>Wir laden Sie herzlich in unser Unternehmen ein, um unsere Produkte im Detail kennenzulernen und die Konditionen unserer Zusammenarbeit zu besprechen.<\/p>\n\t\t\t\t\t\t<\/div>\n\t\t\t\t<\/div>\n\t\t\t\t<div class=\"elementor-element elementor-element-a51af45 elementor-widget elementor-widget-spacer\" data-id=\"a51af45\" data-element_type=\"widget\" data-widget_type=\"spacer.default\">\n\t\t\t\t<div class=\"elementor-widget-container\">\n\t\t\t\t\t<div class=\"elementor-spacer\">\n\t\t\t<div class=\"elementor-spacer-inner\"><\/div>\n\t\t<\/div>\n\t\t\t\t<\/div>\n\t\t\t\t<\/div>\n\t\t\t\t<div class=\"elementor-element elementor-element-e8b8298 elementor-align-justify elementor-widget__width-initial anchor-link elementor-widget elementor-widget-button\" data-id=\"e8b8298\" data-element_type=\"widget\" data-widget_type=\"button.default\">\n\t\t\t\t<div class=\"elementor-widget-container\">\n\t\t\t\t\t<div class=\"elementor-button-wrapper\">\n\t\t\t<a href=\"https:\/\/galletto.pl\/de\/kontakt\/\" class=\"elementor-button-link elementor-button elementor-size-md\" role=\"button\">\n\t\t\t\t\t\t<span class=\"elementor-button-content-wrapper\">\n\t\t\t\t\t\t<span class=\"elementor-button-text\">Einen Termin machen<\/span>\n\t\t<\/span>\n\t\t\t\t\t<\/a>\n\t\t<\/div>\n\t\t\t\t<\/div>\n\t\t\t\t<\/div>\n\t\t\t\t\t<\/div>\n\t\t<\/div>\n\t\t\t\t\t\t\t<\/div>\n\t\t<\/section>\n\t\t\t\t<section class=\"elementor-section elementor-top-section elementor-element elementor-element-5ef0229 elementor-section-full_width elementor-section-height-min-height elementor-section-items-stretch elementor-section-content-middle elementor-section-height-default\" data-id=\"5ef0229\" data-element_type=\"section\">\n\t\t\t\t\t\t<div class=\"elementor-container elementor-column-gap-no\">\n\t\t\t\t\t<div class=\"elementor-column elementor-col-33 elementor-top-column elementor-element elementor-element-4a293cd\" data-id=\"4a293cd\" data-element_type=\"column\">\n\t\t\t<div class=\"elementor-widget-wrap elementor-element-populated\">\n\t\t\t\t\t\t\t\t<div class=\"elementor-element elementor-element-206a9e9 elementor-cta--skin-cover elementor-cta--valign-bottom elementor-widget elementor-widget-call-to-action\" data-id=\"206a9e9\" data-element_type=\"widget\" data-widget_type=\"call-to-action.default\">\n\t\t\t\t<div class=\"elementor-widget-container\">\n\t\t\t\t\t<a href=\"https:\/\/galletto.pl\/de\/unterholz\/\" class=\"elementor-cta\">\n\t\t\t\t\t<div class=\"elementor-cta__bg-wrapper\">\n\t\t\t\t<div class=\"elementor-cta__bg elementor-bg\" style=\"background-image: url(https:\/\/galletto.pl\/wp-content\/uploads\/2021\/06\/Slider-Galletto-05.jpg);\"><\/div>\n\t\t\t\t<div class=\"elementor-cta__bg-overlay\"><\/div>\n\t\t\t<\/div>\n\t\t\t\t\t\t\t<div class=\"elementor-cta__content\">\n\t\t\t\t\n\t\t\t\t\t\t\t\t\t<h2 class=\"elementor-cta__title elementor-cta__content-item elementor-content-item\">\n\t\t\t\t\t\tUnterholz\t\t\t\t\t<\/h2>\n\t\t\t\t\n\t\t\t\t\n\t\t\t\t\t\t\t\t\t<div class=\"elementor-cta__button-wrapper elementor-cta__content-item elementor-content-item \">\n\t\t\t\t\t<span class=\"elementor-cta__button elementor-button elementor-size-xs\">\n\t\t\t\t\t\tSiehe das Angebot\t\t\t\t\t<\/span>\n\t\t\t\t\t<\/div>\n\t\t\t\t\t\t\t<\/div>\n\t\t\t\t\t\t<\/a>\n\t\t\t\t<\/div>\n\t\t\t\t<\/div>\n\t\t\t\t\t<\/div>\n\t\t<\/div>\n\t\t\t\t<div class=\"elementor-column elementor-col-33 elementor-top-column elementor-element elementor-element-2cb5a5b\" data-id=\"2cb5a5b\" data-element_type=\"column\">\n\t\t\t<div class=\"elementor-widget-wrap elementor-element-populated\">\n\t\t\t\t\t\t\t\t<div class=\"elementor-element elementor-element-db9a0e2 elementor-cta--skin-cover elementor-cta--valign-bottom anchor-link elementor-widget elementor-widget-call-to-action\" data-id=\"db9a0e2\" data-element_type=\"widget\" data-widget_type=\"call-to-action.default\">\n\t\t\t\t<div class=\"elementor-widget-container\">\n\t\t\t\t\t<a href=\"https:\/\/galletto.pl\/de\/frucht\/\" class=\"elementor-cta\">\n\t\t\t\t\t<div class=\"elementor-cta__bg-wrapper\">\n\t\t\t\t<div class=\"elementor-cta__bg elementor-bg\" style=\"background-image: url(https:\/\/galletto.pl\/wp-content\/uploads\/2021\/07\/Slider-Galletto-31.jpg);\"><\/div>\n\t\t\t\t<div class=\"elementor-cta__bg-overlay\"><\/div>\n\t\t\t<\/div>\n\t\t\t\t\t\t\t<div class=\"elementor-cta__content\">\n\t\t\t\t\n\t\t\t\t\t\t\t\t\t<h2 class=\"elementor-cta__title elementor-cta__content-item elementor-content-item\">\n\t\t\t\t\t\tFrucht\t\t\t\t\t<\/h2>\n\t\t\t\t\n\t\t\t\t\n\t\t\t\t\t\t\t\t\t<div class=\"elementor-cta__button-wrapper elementor-cta__content-item elementor-content-item \">\n\t\t\t\t\t<span class=\"elementor-cta__button elementor-button elementor-size-xs\">\n\t\t\t\t\t\tSiehe das Angebot\t\t\t\t\t<\/span>\n\t\t\t\t\t<\/div>\n\t\t\t\t\t\t\t<\/div>\n\t\t\t\t\t\t<\/a>\n\t\t\t\t<\/div>\n\t\t\t\t<\/div>\n\t\t\t\t\t<\/div>\n\t\t<\/div>\n\t\t\t\t<div class=\"elementor-column elementor-col-33 elementor-top-column elementor-element elementor-element-d5c139e\" data-id=\"d5c139e\" data-element_type=\"column\">\n\t\t\t<div class=\"elementor-widget-wrap elementor-element-populated\">\n\t\t\t\t\t\t\t\t<div class=\"elementor-element elementor-element-0aa6a10 elementor-cta--skin-cover elementor-cta--valign-bottom anchor-link elementor-widget elementor-widget-call-to-action\" data-id=\"0aa6a10\" data-element_type=\"widget\" data-widget_type=\"call-to-action.default\">\n\t\t\t\t<div class=\"elementor-widget-container\">\n\t\t\t\t\t<a href=\"https:\/\/www.juniperi.pl\" target=\"_blank\" class=\"elementor-cta\">\n\t\t\t\t\t<div class=\"elementor-cta__bg-wrapper\">\n\t\t\t\t<div class=\"elementor-cta__bg elementor-bg\" style=\"background-image: url(https:\/\/galletto.pl\/wp-content\/uploads\/2021\/06\/Slider-Galletto-07.jpg);\"><\/div>\n\t\t\t\t<div class=\"elementor-cta__bg-overlay\"><\/div>\n\t\t\t<\/div>\n\t\t\t\t\t\t\t<div class=\"elementor-cta__content\">\n\t\t\t\t\n\t\t\t\t\t\t\t\t\t<h2 class=\"elementor-cta__title elementor-cta__content-item elementor-content-item\">\n\t\t\t\t\t\tWacholder\t\t\t\t\t<\/h2>\n\t\t\t\t\n\t\t\t\t\n\t\t\t\t\t\t\t\t\t<div class=\"elementor-cta__button-wrapper elementor-cta__content-item elementor-content-item \">\n\t\t\t\t\t<span class=\"elementor-cta__button elementor-button elementor-size-xs\">\n\t\t\t\t\t\tGehe zu Seite\t\t\t\t\t<\/span>\n\t\t\t\t\t<\/div>\n\t\t\t\t\t\t\t<\/div>\n\t\t\t\t\t\t<\/a>\n\t\t\t\t<\/div>\n\t\t\t\t<\/div>\n\t\t\t\t\t<\/div>\n\t\t<\/div>\n\t\t\t\t\t\t\t<\/div>\n\t\t<\/section>\n\t\t\t\t\t\t<\/div>\n\t\t\t\t\t<\/div>\n\t\t","protected":false},"excerpt":{"rendered":"<p>GALLETTO An und Verkauf Unterholz und Wacholderbeeren gegr\u00fcndet : 1990 \u00dcber uns Unser Ziel BLOG Grzyby suszone CENNE \u0179R\u00d3D\u0141O WITAMINY C Okazuje si\u0119, \u017ce cennym \u017ar\u00f3d\u0142em witaminy D obok ryb s\u0105 r\u00f3wnie\u017c grzyby. Aby uzyska\u0107 jak najwi\u0119ksze ilo\u015bci witaminy D w grzybach musimy suszy\u0107 je na s\u0142o\u0144cu.\u00a0Odkryto, \u017ce poziom witaminy wzrasta nawet stukrotnie podczas suszenia&hellip;<\/p>\n","protected":false},"author":1,"featured_media":0,"parent":0,"menu_order":0,"comment_status":"closed","ping_status":"closed","template":"elementor_header_footer","meta":{"footnotes":""},"class_list":["post-4020","page","type-page","status-publish","hentry","category-47","description-off"],"_links":{"self":[{"href":"https:\/\/galletto.pl\/de\/wp-json\/wp\/v2\/pages\/4020"}],"collection":[{"href":"https:\/\/galletto.pl\/de\/wp-json\/wp\/v2\/pages"}],"about":[{"href":"https:\/\/galletto.pl\/de\/wp-json\/wp\/v2\/types\/page"}],"author":[{"embeddable":true,"href":"https:\/\/galletto.pl\/de\/wp-json\/wp\/v2\/users\/1"}],"replies":[{"embeddable":true,"href":"https:\/\/galletto.pl\/de\/wp-json\/wp\/v2\/comments?post=4020"}],"version-history":[{"count":3,"href":"https:\/\/galletto.pl\/de\/wp-json\/wp\/v2\/pages\/4020\/revisions"}],"predecessor-version":[{"id":4097,"href":"https:\/\/galletto.pl\/de\/wp-json\/wp\/v2\/pages\/4020\/revisions\/4097"}],"wp:attachment":[{"href":"https:\/\/galletto.pl\/de\/wp-json\/wp\/v2\/media?parent=4020"}],"curies":[{"name":"wp","href":"https:\/\/api.w.org\/{rel}","templated":true}]}}